{"id":6417,"date":"2023-10-04T12:27:33","date_gmt":"2023-10-04T11:27:33","guid":{"rendered":"https:\/\/flyoutshop.com\/producto\/tapis-de-puzzle-tatami-25-cm\/"},"modified":"2025-01-30T14:48:25","modified_gmt":"2025-01-30T13:48:25","slug":"tapis-puzzle-tatami-25-cm","status":"publish","type":"product","link":"https:\/\/flyoutshop.com\/fr\/producto\/tapis-puzzle-tatami-25-cm\/","title":{"rendered":"Tatami Puzzle 2,5 cm"},"content":{"rendered":"<p>Vous \u00eates \u00e0 la recherche d&rsquo;un <strong>tatami puzzle de<\/strong> haute qualit\u00e9 pour vos entra\u00eenements de fitness, d&rsquo;acrobatie, d&rsquo;arts martiaux ou de fitness ? Le <strong>Puzzle Tatami <\/strong>est la <strong>solution <\/strong>id\u00e9ale pour <strong>des s\u00e9ances d&rsquo;entra\u00eenement s\u00fbres et confortables. <\/strong>Avec une \u00e9paisseur de 2,5 cm et une surface antid\u00e9rapante en \u00ab\u00a0T\u00a0\u00bb ou en \u00ab\u00a05 lignes\u00a0\u00bb, ce tatami offre la s\u00e9curit\u00e9 et le confort dont vous avez besoin pour vous entra\u00eener en toute confiance. Con\u00e7u avec des mat\u00e9riaux de haute densit\u00e9, le <strong>FLYOUT Puzzle Tatami <\/strong>est durable et r\u00e9sistant. Chaque pi\u00e8ce de 1 m\u00b2 (100 cm x 100 cm) est facile \u00e0 installer gr\u00e2ce \u00e0 son syst\u00e8me d&rsquo;ancrage en forme de puzzle, sans besoin d&rsquo;adh\u00e9sif. En outre, sa composition en ac\u00e9tate de vinyle et d&rsquo;\u00e9thyl\u00e8ne garantit une duret\u00e9 optimale (36-38\u00ba) et une densit\u00e9 de 80 kg\/m\u00b3, offrant ainsi une surface stable et amortie qui r\u00e9duit l&rsquo;impact sur vos articulations. Ce tatami est parfait pour une utilisation dans les salles de sport, les centres d&rsquo;entra\u00eenement ou \u00e0 la maison. Son design r\u00e9versible en bleu\/rouge ou noir\/rouge est non seulement attrayant sur le plan visuel, mais il vous permet \u00e9galement de personnaliser votre espace d&rsquo;entra\u00eenement. En outre, il est r\u00e9sistant \u00e0 l&rsquo;eau et facile \u00e0 nettoyer, ce qui garantit un entretien ais\u00e9 et une dur\u00e9e de vie de 8 \u00e0 10 ans. <\/p>\n<h3>Caract\u00e9ristiques du puzzle Tatami FLYOUT :<\/h3>\n<ul>\n<li><strong>\u00c9paisseur :<\/strong> 2,5 cm<\/li>\n<li><strong>Dimensions :<\/strong> 100 cm x 100 cm (1 m\u00b2 par pi\u00e8ce)<\/li>\n<li><strong>Surface :<\/strong> antid\u00e9rapante \u00ab\u00a0T\u00a0\u00bb ou \u00ab\u00a05 lignes\u00a0\u00bb.<\/li>\n<li><strong>Poids :<\/strong> 2,2 kg chacun<\/li>\n<li><strong>Duret\u00e9 :<\/strong> 36-38\u00ba.<\/li>\n<li><strong>Densit\u00e9 :<\/strong> 80 kg\/m\u00b3<\/li>\n<li><strong>Composition :<\/strong> Ac\u00e9tate d&rsquo;\u00e9thyl\u00e8ne et de vinyle \u00e0 haute densit\u00e9.<\/li>\n<li><strong>Ancrage :<\/strong> type puzzle (sans adh\u00e9sifs)<\/li>\n<li><strong>Couleurs disponibles :<\/strong> R\u00e9versible Bleu\/Rouge et Noir\/Rouge (autres couleurs disponibles sur demande)<\/li>\n<li><strong>Propret\u00e9 :<\/strong> imperm\u00e9able et facile \u00e0 nettoyer<\/li>\n<li><strong>Dur\u00e9e :<\/strong> 8-10 ans<\/li>\n<\/ul>\n<p>Le <strong>Puzzle Tatami de FLYOUT<\/strong> est une combinaison parfaite de qualit\u00e9, de durabilit\u00e9 et de fonctionnalit\u00e9. Que ce soit pour l&rsquo;acrobatie, les arts martiaux ou le fitness, ce tatami vous offre un espace d&rsquo;entra\u00eenement s\u00fbr et professionnel. Vous \u00eates pr\u00eat \u00e0 am\u00e9liorer votre entra\u00eenement ? Procurez-vous votre propre <strong>Puzzle Tatami<\/strong> et cr\u00e9ez l&rsquo;espace d&rsquo;entra\u00eenement id\u00e9al !   <\/p>\n","protected":false},"excerpt":{"rendered":"<p><strong>Vous voulez un espace d&rsquo;entra\u00eenement s\u00fbr et polyvalent ?<\/strong> Le <strong>Tatami Puzzle FLYOUT 2,5cm<\/strong> offre un amortissement maximal et une surface antid\u00e9rapante. Installez votre espace d&rsquo;entra\u00eenement en quelques minutes et entra\u00eenez-vous comme un pro ! \ud83d\ude80<\/p>\n","protected":false},"featured_media":5087,"comment_status":"closed","ping_status":"closed","template":"","meta":{"_joinchat":[]},"product_brand":[],"product_cat":[15],"product_tag":[],"class_list":{"0":"post-6417","1":"product","2":"type-product","3":"status-publish","4":"has-post-thumbnail","6":"product_cat-sin-categoria","7":"product_shipping_class-tatami-fr","9":"first","10":"onbackorder","11":"taxable","12":"shipping-taxable","13":"purchasable","14":"product-type-variable","15":"has-default-attributes"},"_links":{"self":[{"href":"https:\/\/flyoutshop.com\/fr\/wp-json\/wp\/v2\/product\/6417","targetHints":{"allow":["GET"]}}],"collection":[{"href":"https:\/\/flyoutshop.com\/fr\/wp-json\/wp\/v2\/product"}],"about":[{"href":"https:\/\/flyoutshop.com\/fr\/wp-json\/wp\/v2\/types\/product"}],"replies":[{"embeddable":true,"href":"https:\/\/flyoutshop.com\/fr\/wp-json\/wp\/v2\/comments?post=6417"}],"wp:featuredmedia":[{"embeddable":true,"href":"https:\/\/flyoutshop.com\/fr\/wp-json\/wp\/v2\/media\/5087"}],"wp:attachment":[{"href":"https:\/\/flyoutshop.com\/fr\/wp-json\/wp\/v2\/media?parent=6417"}],"wp:term":[{"taxonomy":"product_brand","embeddable":true,"href":"https:\/\/flyoutshop.com\/fr\/wp-json\/wp\/v2\/product_brand?post=6417"},{"taxonomy":"product_cat","embeddable":true,"href":"https:\/\/flyoutshop.com\/fr\/wp-json\/wp\/v2\/product_cat?post=6417"},{"taxonomy":"product_tag","embeddable":true,"href":"https:\/\/flyoutshop.com\/fr\/wp-json\/wp\/v2\/product_tag?post=6417"}],"curies":[{"name":"wp","href":"https:\/\/api.w.org\/{rel}","templated":true}]}}