{"id":16407,"date":"2024-11-07T17:47:03","date_gmt":"2024-11-07T16:47:03","guid":{"rendered":"https:\/\/flyoutshop.com\/producto\/piste-dacrobatie-12m\/"},"modified":"2024-11-07T17:47:03","modified_gmt":"2024-11-07T16:47:03","slug":"piste-dacrobatie-12m","status":"publish","type":"product","link":"https:\/\/flyoutshop.com\/fr\/producto\/piste-dacrobatie-12m\/","title":{"rendered":"Piste d&rsquo;acrobatie 12M"},"content":{"rendered":"<h1>Piste d&rsquo;acrobatie 12M<\/h1>\n<p>La <strong>piste de tumbling Spring System de 12 m<\/strong> est l&rsquo;\u00e9quipement id\u00e9al pour les gymnases, les entra\u00eeneurs et les athl\u00e8tes qui cherchent \u00e0 maximiser la s\u00e9curit\u00e9, la performance et la durabilit\u00e9 de leur entra\u00eenement de gymnastique et d&rsquo;acrobatie. Cette piste, con\u00e7ue avec un syst\u00e8me de haute technologie, offre une surface d&rsquo;impact souple mais r\u00e9siliente, optimisant les performances des athl\u00e8tes gr\u00e2ce \u00e0 une absorption sup\u00e9rieure des chocs et \u00e0 une grande \u00e9lasticit\u00e9. Gr\u00e2ce \u00e0 sa structure robuste et \u00e0 ses mat\u00e9riaux de qualit\u00e9, cette piste de tumbling est id\u00e9ale pour les d\u00e9butants qui ont besoin de plus de s\u00e9curit\u00e9 dans leurs sauts, ainsi que pour les professionnels qui recherchent une surface fiable qui favorise l&rsquo;\u00e9lan et l&rsquo;amortissement dans chaque mouvement. <\/p>\n<p>&nbsp;<\/p>\n<p><strong>Sp\u00e9cifications techniques :<\/strong><\/p>\n<ul>\n<li><strong>Dimensions<\/strong>: 1200 cm de long \u00d7 200 cm de large \u00d7 20 cm de haut.<\/li>\n<li><strong>Couche de surface<\/strong>: la couche sup\u00e9rieure est recouverte de XPE (mousse de poly\u00e9thyl\u00e8ne r\u00e9ticul\u00e9), un mat\u00e9riau de haute densit\u00e9 connu pour sa durabilit\u00e9, sa r\u00e9sistance et ses excellentes propri\u00e9t\u00e9s d&rsquo;absorption des chocs. C&rsquo;est le mat\u00e9riau id\u00e9al pour la gymnastique, car il offre une \u00e9lasticit\u00e9 et une propulsion excellentes.\n<ul>\n<li><strong>\u00c9paisseur du XPE<\/strong>: 5 cm.<\/li>\n<li><strong>\u00c9paisseur de la couche sup\u00e9rieure de la moquette<\/strong>: 2,5 cm.<\/li>\n<\/ul>\n<\/li>\n<li><strong>Syst\u00e8me d&rsquo;absorption des chocs<\/strong>: La chenille est \u00e9quip\u00e9e d&rsquo;un <strong>syst\u00e8me de 280 ressorts de haute qualit\u00e9<\/strong>, qui r\u00e9partissent uniform\u00e9ment l&rsquo;impact afin d&rsquo;am\u00e9liorer l&rsquo;amortissement et d&rsquo;offrir une sensation de rebond optimale.<\/li>\n<\/ul>\n<p>Cette piste a \u00e9t\u00e9 fabriqu\u00e9e selon les normes de qualit\u00e9 les plus strictes, afin d&rsquo;offrir une exp\u00e9rience d&rsquo;entra\u00eenement confortable et s\u00fbre.<\/p>\n<hr>\n<p><em># Mots-cl\u00e9s : Piste de gymnastique, piste de gymnastique de 12 m\u00e8tres, piste de gymnastique \u00e0 ressort, piste d&rsquo;entra\u00eenement acrobatique, piste de gymnastique absorbant les chocs, piste de gymnastique de haute qualit\u00e9, piste de gymnastique avec XPE, piste d&rsquo;entra\u00eenement au saut, Piste de tumbling professionnelle, Piste de gymnastique \u00e0 haute \u00e9lasticit\u00e9, Piste de tumbling \u00e0 ressort de haute qualit\u00e9, Piste de gymnastique pour gymnases, Piste d&rsquo;entra\u00eenement acrobatique, Piste de tumbling s\u00fbre et durable, Piste de tumbling avec amortissement avanc\u00e9. #<\/em><\/p>\n","protected":false},"excerpt":{"rendered":"<h1><strong>Piste d&rsquo;acrobatie 12M<\/strong><\/h1>\n<ul>\n<li><strong>Amortissement optimal :<\/strong> con\u00e7u avec des couches de mousse de haute densit\u00e9 et un syst\u00e8me de ressorts de qualit\u00e9, ce sol r\u00e9duit l&rsquo;impact sur les articulations, minimisant ainsi le risque de blessure.<\/li>\n<li><strong>Rebond homog\u00e8ne :<\/strong> Fournit un rebond homog\u00e8ne qui facilite l&rsquo;\u00e9lan n\u00e9cessaire pour les sauts et les mouvements complexes, am\u00e9liorant ainsi les performances et la s\u00e9curit\u00e9 de l&rsquo;athl\u00e8te.<\/li>\n<li><strong>Assemblage modulaire et durable :<\/strong> sa structure modulaire facilite le montage et le d\u00e9montage, ce qui est id\u00e9al pour les gymnases et les comp\u00e9titions. Fabriqu\u00e9 en mat\u00e9riaux robustes pour une utilisation durable. <\/li>\n<li><strong>Construction<\/strong> <strong>professionnelle :<\/strong> Fabriqu\u00e9 selon les normes de la course automobile.<\/li>\n<\/ul>\n","protected":false},"featured_media":16100,"comment_status":"closed","ping_status":"closed","template":"","meta":{"_joinchat":[]},"product_brand":[],"product_cat":[15],"product_tag":[],"class_list":{"0":"post-16407","1":"product","2":"type-product","3":"status-publish","4":"has-post-thumbnail","6":"product_cat-sin-categoria","7":"product_shipping_class-gymnastics-class-a-fr","9":"first","10":"onbackorder","11":"taxable","12":"shipping-taxable","13":"purchasable","14":"product-type-simple"},"_links":{"self":[{"href":"https:\/\/flyoutshop.com\/fr\/wp-json\/wp\/v2\/product\/16407","targetHints":{"allow":["GET"]}}],"collection":[{"href":"https:\/\/flyoutshop.com\/fr\/wp-json\/wp\/v2\/product"}],"about":[{"href":"https:\/\/flyoutshop.com\/fr\/wp-json\/wp\/v2\/types\/product"}],"replies":[{"embeddable":true,"href":"https:\/\/flyoutshop.com\/fr\/wp-json\/wp\/v2\/comments?post=16407"}],"wp:featuredmedia":[{"embeddable":true,"href":"https:\/\/flyoutshop.com\/fr\/wp-json\/wp\/v2\/media\/16100"}],"wp:attachment":[{"href":"https:\/\/flyoutshop.com\/fr\/wp-json\/wp\/v2\/media?parent=16407"}],"wp:term":[{"taxonomy":"product_brand","embeddable":true,"href":"https:\/\/flyoutshop.com\/fr\/wp-json\/wp\/v2\/product_brand?post=16407"},{"taxonomy":"product_cat","embeddable":true,"href":"https:\/\/flyoutshop.com\/fr\/wp-json\/wp\/v2\/product_cat?post=16407"},{"taxonomy":"product_tag","embeddable":true,"href":"https:\/\/flyoutshop.com\/fr\/wp-json\/wp\/v2\/product_tag?post=16407"}],"curies":[{"name":"wp","href":"https:\/\/api.w.org\/{rel}","templated":true}]}}