{"id":14935,"date":"2024-04-24T18:56:39","date_gmt":"2024-04-24T17:56:39","guid":{"rendered":"https:\/\/flyoutshop.com\/producto\/paddle-surf-bondy-pro2\/"},"modified":"2024-04-24T18:56:39","modified_gmt":"2024-04-24T17:56:39","slug":"paddle-surf-bondy-pro2","status":"publish","type":"product","link":"https:\/\/flyoutshop.com\/fr\/producto\/paddle-surf-bondy-pro2\/","title":{"rendered":"Paddle Surf Bondy PRO2"},"content":{"rendered":"<h1>Planche de surf \u00e0 pagaie Bondy PRO2<\/h1>\n<p>D\u00e9couvrez la polyvalence de notre planche de surf Bondy PRO2 Paddle Surf, con\u00e7ue pour convenir \u00e0 tous les niveaux de comp\u00e9tence, du d\u00e9butant \u00e0 l&rsquo;expert. Profitez de la stabilit\u00e9 dont vous avez besoin pour vos premi\u00e8res aventures dans l&rsquo;eau et de la l\u00e9g\u00e8ret\u00e9 et de la rigidit\u00e9 pour ma\u00eetriser les vagues les plus difficiles. Il peut accueillir jusqu&rsquo;\u00e0 2 personnes et est id\u00e9al pour partager des moments inoubliables sur l&rsquo;eau. D\u00e9couvrez de nouvelles \u00e9motions \u00e0 chaque coup de pagaie !<\/p>\n<p><strong>D\u00e9tails techniques<\/strong><\/p>\n<ul>\n<li>Conception d&rsquo;un croiseur<\/li>\n<li>Dimensions : 323 cm de long, 81 cm de large et 15 cm d&rsquo;\u00e9paisseur.<\/li>\n<li>Charge admissible : 180 kg | Peut supporter 2 personnes<\/li>\n<li>Couleurs : Vert pistache et Bleu mousse (r\u00e9versible)<\/li>\n<li>Pression de gonflage : Nous recommandons de gonfler \u00e0 10-12 psi car la qualit\u00e9 des mat\u00e9riaux offre une stabilit\u00e9 et une rigidit\u00e9 parfaites pour une utilisation dans cette plage de pression. Gonflage maximal \u00e0 20 psi.<\/li>\n<li>PVC robuste de qualit\u00e9 militaire, coussin en EVA haute densit\u00e9 avec finition en teck pour le confort et l&rsquo;adh\u00e9rence.<\/li>\n<\/ul>\n<p><strong>Que comprend votre commande ?<\/strong><\/p>\n<div>Gonfleur haute pression double action, pagaie r\u00e9glable en aluminium et polycarbonate haute r\u00e9sistance, kit de r\u00e9paration, quille centrale, sac \u00e0 dos de transport pro et leash (invention). Il est \u00e9galement dot\u00e9 d&rsquo;anneaux permettant d&rsquo;ajouter un si\u00e8ge de type kayak.<\/div>\n<div><\/div>\n<div>Et bien s\u00fbr, votre nouvelle planche de surf Bondy Pro2 Paddle Surf, pr\u00eate pour l&rsquo;aventure !<\/div>\n<p><em>*Il poss\u00e8de un num\u00e9ro de s\u00e9rie pour l&rsquo;enregistrer et pour pouvoir naviguer dans les rivi\u00e8res, les marais ou les lacs. En fonction de chaque autonomie ou localit\u00e9<\/em><\/p>\n","protected":false},"excerpt":{"rendered":"<p>Planche de surf \u00e0 pagaie Bondy PRO2 D\u00e9couvrez la polyvalence de notre planche de surf Bondy PRO2 Paddle Surf, con\u00e7ue pour convenir \u00e0 tous les niveaux de comp\u00e9tence, du d\u00e9butant \u00e0 l&rsquo;expert. Profitez de la stabilit\u00e9 dont vous avez besoin pour vos premi\u00e8res aventures dans l&rsquo;eau et de la l\u00e9g\u00e8ret\u00e9 et de la rigidit\u00e9 pour [&hellip;]<\/p>\n","protected":false},"featured_media":7022,"comment_status":"closed","ping_status":"closed","template":"","meta":{"_joinchat":[]},"product_brand":[],"product_cat":[15],"product_tag":[],"class_list":{"0":"post-14935","1":"product","2":"type-product","3":"status-publish","4":"has-post-thumbnail","6":"product_cat-sin-categoria","8":"first","9":"instock","10":"sale","11":"taxable","12":"shipping-taxable","13":"purchasable","14":"product-type-variable"},"_links":{"self":[{"href":"https:\/\/flyoutshop.com\/fr\/wp-json\/wp\/v2\/product\/14935","targetHints":{"allow":["GET"]}}],"collection":[{"href":"https:\/\/flyoutshop.com\/fr\/wp-json\/wp\/v2\/product"}],"about":[{"href":"https:\/\/flyoutshop.com\/fr\/wp-json\/wp\/v2\/types\/product"}],"replies":[{"embeddable":true,"href":"https:\/\/flyoutshop.com\/fr\/wp-json\/wp\/v2\/comments?post=14935"}],"wp:featuredmedia":[{"embeddable":true,"href":"https:\/\/flyoutshop.com\/fr\/wp-json\/wp\/v2\/media\/7022"}],"wp:attachment":[{"href":"https:\/\/flyoutshop.com\/fr\/wp-json\/wp\/v2\/media?parent=14935"}],"wp:term":[{"taxonomy":"product_brand","embeddable":true,"href":"https:\/\/flyoutshop.com\/fr\/wp-json\/wp\/v2\/product_brand?post=14935"},{"taxonomy":"product_cat","embeddable":true,"href":"https:\/\/flyoutshop.com\/fr\/wp-json\/wp\/v2\/product_cat?post=14935"},{"taxonomy":"product_tag","embeddable":true,"href":"https:\/\/flyoutshop.com\/fr\/wp-json\/wp\/v2\/product_tag?post=14935"}],"curies":[{"name":"wp","href":"https:\/\/api.w.org\/{rel}","templated":true}]}}