{"id":14912,"date":"2024-05-26T22:36:21","date_gmt":"2024-05-26T21:36:21","guid":{"rendered":"https:\/\/flyoutshop.com\/producto\/minitrampoline-basic\/"},"modified":"2024-12-01T00:08:54","modified_gmt":"2024-11-30T23:08:54","slug":"minitrampoline-basic","status":"publish","type":"product","link":"https:\/\/flyoutshop.com\/fr\/producto\/minitrampoline-basic\/","title":{"rendered":"MiniTrampoline Basic"},"content":{"rendered":"<h1>Minitramp Gymnastics : Faites passer votre entra\u00eenement au niveau sup\u00e9rieur<\/h1>\n<p>D\u00e9couvrez le meilleur outil pour vos exercices de gymnastique : le Minitrampolin Gymnastique. Id\u00e9al pour les gymnastes, trickers, traceurs ou acrobates qui cherchent \u00e0 am\u00e9liorer leurs comp\u00e9tences pour atteindre le niveau suivant. Con\u00e7ue avec des mat\u00e9riaux de haute qualit\u00e9, notre minitrampes offre s\u00e9curit\u00e9, durabilit\u00e9 et performances exceptionnelles.<\/p>\n<h2>Les principales caract\u00e9ristiques du minitramp :<\/h2>\n<ul>\n<li><strong>Structure robuste :<\/strong> Construite en acier robuste pour r\u00e9sister \u00e0 une utilisation intensive.<\/li>\n<li><strong>Surface antid\u00e9rapante :<\/strong> assure une traction sup\u00e9rieure pour \u00e9viter les accidents.<\/li>\n<li><strong>Ressort \u00e0 haute r\u00e9sistance :<\/strong> assure un rebond constant et puissant, optimisant chaque saut.<\/li>\n<li><strong>Compact et portable :<\/strong> facile \u00e0 transporter et \u00e0 ranger, parfait pour les petits espaces.<\/li>\n<li><strong>Polyvalence d&rsquo;utilisation :<\/strong> id\u00e9al pour la gymnastique artistique, l&rsquo;entra\u00eenement acrobatique et l&rsquo;entra\u00eenement physique.<\/li>\n<\/ul>\n<p>Ne manquez pas l&rsquo;occasion de r\u00e9volutionner vos s\u00e9ances d&rsquo;entra\u00eenement avec le Minitramp Gymnastics. **Commandez d\u00e8s aujourd&rsquo;hui et faites passer votre formation au niveau sup\u00e9rieur !<\/p>\n<h3>Sp\u00e9cifications techniques du MiniTramp :<\/h3>\n<ul>\n<li><strong>Dimensions :<\/strong> 110 x 110 cm<\/li>\n<li><strong>Zone de saut :<\/strong> sangles en nylon<\/li>\n<li><strong>Ressorts :<\/strong> 44 ressorts en acier<\/li>\n<li><strong>Protections lat\u00e9rales<\/strong><\/li>\n<li><strong>Hauteur r\u00e9glable<\/strong><\/li>\n<li><strong>Mod\u00e8le id\u00e9al pour les d\u00e9butants<\/strong><\/li>\n<\/ul>\n","protected":false},"excerpt":{"rendered":"<p><strong>Que comprend votre commande ?<\/strong><\/p>\n<ul>\n<li>Structure r\u00e9glable du trampoline<\/li>\n<li>Protections lat\u00e9rales<\/li>\n<li>Filet de saut en nylon<\/li>\n<li>44 ressorts<\/li>\n<\/ul>\n","protected":false},"featured_media":14442,"comment_status":"closed","ping_status":"closed","template":"","meta":{"_joinchat":[]},"product_brand":[],"product_cat":[15],"product_tag":[],"class_list":{"0":"post-14912","1":"product","2":"type-product","3":"status-publish","4":"has-post-thumbnail","6":"product_cat-sin-categoria","7":"product_shipping_class-gymnastics-class-a-fr","9":"first","10":"onbackorder","11":"taxable","12":"shipping-taxable","13":"purchasable","14":"product-type-simple"},"_links":{"self":[{"href":"https:\/\/flyoutshop.com\/fr\/wp-json\/wp\/v2\/product\/14912","targetHints":{"allow":["GET"]}}],"collection":[{"href":"https:\/\/flyoutshop.com\/fr\/wp-json\/wp\/v2\/product"}],"about":[{"href":"https:\/\/flyoutshop.com\/fr\/wp-json\/wp\/v2\/types\/product"}],"replies":[{"embeddable":true,"href":"https:\/\/flyoutshop.com\/fr\/wp-json\/wp\/v2\/comments?post=14912"}],"wp:featuredmedia":[{"embeddable":true,"href":"https:\/\/flyoutshop.com\/fr\/wp-json\/wp\/v2\/media\/14442"}],"wp:attachment":[{"href":"https:\/\/flyoutshop.com\/fr\/wp-json\/wp\/v2\/media?parent=14912"}],"wp:term":[{"taxonomy":"product_brand","embeddable":true,"href":"https:\/\/flyoutshop.com\/fr\/wp-json\/wp\/v2\/product_brand?post=14912"},{"taxonomy":"product_cat","embeddable":true,"href":"https:\/\/flyoutshop.com\/fr\/wp-json\/wp\/v2\/product_cat?post=14912"},{"taxonomy":"product_tag","embeddable":true,"href":"https:\/\/flyoutshop.com\/fr\/wp-json\/wp\/v2\/product_tag?post=14912"}],"curies":[{"name":"wp","href":"https:\/\/api.w.org\/{rel}","templated":true}]}}