{"id":366,"date":"2022-01-03T09:04:18","date_gmt":"2022-01-03T08:04:18","guid":{"rendered":"https:\/\/flyoutshop.com\/cart\/"},"modified":"2024-05-26T16:21:26","modified_gmt":"2024-05-26T15:21:26","slug":"cart","status":"publish","type":"page","link":"https:\/\/flyoutshop.com\/en\/cart\/","title":{"rendered":"Trolley"},"content":{"rendered":"\t\t<div data-elementor-type=\"wp-page\" data-elementor-id=\"366\" class=\"elementor elementor-366 elementor-15\" data-elementor-post-type=\"page\">\n\t\t\t\t\t\t<section class=\"elementor-section elementor-top-section elementor-element elementor-element-76465f1 elementor-section-boxed elementor-section-height-default elementor-section-height-default\" data-id=\"76465f1\" data-element_type=\"section\" data-e-type=\"section\" data-settings=\"{&quot;jet_parallax_layout_list&quot;:[]}\">\n\t\t\t\t\t\t<div class=\"elementor-container elementor-column-gap-default\">\n\t\t\t\t\t<div class=\"elementor-column elementor-col-100 elementor-top-column elementor-element elementor-element-51e30d4\" data-id=\"51e30d4\" data-element_type=\"column\" data-e-type=\"column\">\n\t\t\t<div class=\"elementor-widget-wrap elementor-element-populated\">\n\t\t\t\t\t\t<div class=\"elementor-element elementor-element-510306b elementor-widget elementor-widget-text-editor\" data-id=\"510306b\" data-element_type=\"widget\" data-e-type=\"widget\" data-widget_type=\"text-editor.default\">\n\t\t\t\t<div class=\"elementor-widget-container\">\n\t\t\t\t\t\t\t\t\t<p style=\"text-align: center;\">MY CART<\/p>\n\t\t\t\t\t\t\t\t<\/div>\n\t\t\t\t<\/div>\n\t\t\t\t<div class=\"elementor-element elementor-element-cab2c04 e-cart-layout-two-column elementor-widget elementor-widget-woocommerce-cart\" data-id=\"cab2c04\" data-element_type=\"widget\" data-e-type=\"widget\" data-settings=\"{&quot;sticky_right_column&quot;:&quot;yes&quot;,&quot;update_cart_automatically&quot;:&quot;yes&quot;,&quot;checkout_button_hover_animation&quot;:&quot;grow&quot;}\" data-widget_type=\"woocommerce-cart.default\">\n\t\t\t\t<div class=\"elementor-widget-container\">\n\t\t\t\t\t<div class=\"woocommerce\"><div class=\"woocommerce-notices-wrapper\"><\/div><div class=\"wc-empty-cart-message\">\n\t<div class=\"cart-empty woocommerce-info\" role=\"status\">\n\t\tYour cart is currently empty.\t<\/div>\n<\/div><\/div>\t\t\t\t<\/div>\n\t\t\t\t<\/div>\n\t\t\t\t\t<\/div>\n\t\t<\/div>\n\t\t\t\t\t<\/div>\n\t\t<\/section>\n\t\t\t\t<\/div>\n\t\t","protected":false},"excerpt":{"rendered":"<p>MY CART Eliminar art\u00edculo Imagen en miniatura Producto Precio Cantidad Subtotal &times; AirTrack 3M Home Edition 199,00&nbsp;&euro; AirTrack 3M Home Edition&nbsp; cantidad 199,00&nbsp;&euro; Apply coupon Cart totals Subtotal 199,00&nbsp;&euro; Env\u00edo Precio fijo Enviar a Gran Via de les Corts Catalanes 429, 3\u00ba2\u00aa, 08015 Barcelona, Barcelona. Cambiar direcci\u00f3n Pa\u00eds o regi\u00f3n: Selecciona un pa\u00eds\/regi\u00f3n&hellip;AlemaniaAustriaB\u00e9lgicaDinamarcaEslovaquiaEsloveniaEspa\u00f1aFinlandiaFranciaHungr\u00edaItaliaLuxemburgoNoruegaPa\u00edses BajosPoloniaPortugalRep\u00fablica ChecaRumaniaSueciaSuiza [&hellip;]<\/p>\n","protected":false},"author":2,"featured_media":0,"parent":0,"menu_order":12,"comment_status":"closed","ping_status":"closed","template":"","meta":{"_joinchat":[],"footnotes":""},"class_list":["post-366","page","type-page","status-publish","hentry"],"_links":{"self":[{"href":"https:\/\/flyoutshop.com\/en\/wp-json\/wp\/v2\/pages\/366","targetHints":{"allow":["GET"]}}],"collection":[{"href":"https:\/\/flyoutshop.com\/en\/wp-json\/wp\/v2\/pages"}],"about":[{"href":"https:\/\/flyoutshop.com\/en\/wp-json\/wp\/v2\/types\/page"}],"author":[{"embeddable":true,"href":"https:\/\/flyoutshop.com\/en\/wp-json\/wp\/v2\/users\/2"}],"replies":[{"embeddable":true,"href":"https:\/\/flyoutshop.com\/en\/wp-json\/wp\/v2\/comments?post=366"}],"version-history":[{"count":5,"href":"https:\/\/flyoutshop.com\/en\/wp-json\/wp\/v2\/pages\/366\/revisions"}],"predecessor-version":[{"id":14109,"href":"https:\/\/flyoutshop.com\/en\/wp-json\/wp\/v2\/pages\/366\/revisions\/14109"}],"wp:attachment":[{"href":"https:\/\/flyoutshop.com\/en\/wp-json\/wp\/v2\/media?parent=366"}],"curies":[{"name":"wp","href":"https:\/\/api.w.org\/{rel}","templated":true}]}}