{"id":14921,"date":"2024-05-26T22:36:21","date_gmt":"2024-05-26T21:36:21","guid":{"rendered":"https:\/\/flyoutshop.com\/producto\/minitrampolin-basic\/"},"modified":"2024-12-01T00:08:54","modified_gmt":"2024-11-30T23:08:54","slug":"minitrampolin-basic","status":"publish","type":"product","link":"https:\/\/flyoutshop.com\/de\/producto\/minitrampolin-basic\/","title":{"rendered":"MiniTrampolin Basic"},"content":{"rendered":"<h1>Minitramp Gymnastics: Bringen Sie Ihr Workout auf die n\u00e4chste Stufe<\/h1>\n<p>Entdecken Sie das beste Ger\u00e4t f\u00fcr Ihre Gymnastik\u00fcbungen: das Minitrampolin Gymnastics. Ideal f\u00fcr Turner, Trickser, Traceure oder Akrobaten, die ihre F\u00e4higkeiten verbessern wollen, um das n\u00e4chste Level zu erreichen. Unsere Minitramp wurde aus hochwertigen Materialien gefertigt und bietet Sicherheit, Haltbarkeit und au\u00dfergew\u00f6hnliche Leistung.<\/p>\n<h2>Die wichtigsten Funktionen der Minitramp:<\/h2>\n<ul>\n<li><strong>Robuste Konstruktion:<\/strong> Aus strapazierf\u00e4higem Stahl gefertigt, um einer intensiven Nutzung standzuhalten.<\/li>\n<li><strong>Rutschfeste Oberfl\u00e4che:<\/strong> Bietet eine hervorragende Traktion, um Unf\u00e4lle zu vermeiden.<\/li>\n<li><strong>Feder mit hohem Widerstand:<\/strong> Sorgt f\u00fcr einen konsistenten und kraftvollen R\u00fccksto\u00df und optimiert so jeden Sprung.<\/li>\n<li><strong>Kompakt und tragbar:<\/strong> Leicht zu transportieren und zu verstauen, perfekt f\u00fcr kleine R\u00e4ume.<\/li>\n<li><strong>Vielseitiger Einsatz:<\/strong> Ideal f\u00fcr Kunstturnen, Akrobatik und Fitnesstraining.<\/li>\n<\/ul>\n<p>Verpassen Sie nicht die Gelegenheit, Ihre Trainingseinheiten mit dem Minitramp Gymnastics zu revolutionieren. **Bestellen Sie noch heute und bringen Sie Ihr Training auf die n\u00e4chste Stufe!<\/p>\n<h3>Technische Daten des MiniTramp:<\/h3>\n<ul>\n<li><strong>Ma\u00dfe:<\/strong> 110 x 110 cm<\/li>\n<li><strong>Sprungbereich:<\/strong> Nylonriemen<\/li>\n<li><strong>Federn:<\/strong> 44 Stahlfedern<\/li>\n<li><strong>Seitliche Schutzma\u00dfnahmen<\/strong><\/li>\n<li><strong>H\u00f6he verstellbar<\/strong><\/li>\n<li><strong>Ideales Modell f\u00fcr Anf\u00e4nger<\/strong><\/li>\n<\/ul>\n","protected":false},"excerpt":{"rendered":"<p><strong>Was ist in Ihrer Bestellung enthalten?<\/strong><\/p>\n<ul>\n<li>Verstellbare Trampolinstruktur<\/li>\n<li>Seitliche Schutzma\u00dfnahmen<\/li>\n<li>Nylon-Sprungtuch<\/li>\n<li>44 Quellen<\/li>\n<\/ul>\n","protected":false},"featured_media":14442,"comment_status":"closed","ping_status":"closed","template":"","meta":{"_joinchat":[]},"product_brand":[],"product_cat":[15],"product_tag":[],"class_list":{"0":"post-14921","1":"product","2":"type-product","3":"status-publish","4":"has-post-thumbnail","6":"product_cat-sin-categoria","7":"product_shipping_class-gymnastics-class-a-de","9":"first","10":"onbackorder","11":"taxable","12":"shipping-taxable","13":"purchasable","14":"product-type-simple"},"_links":{"self":[{"href":"https:\/\/flyoutshop.com\/de\/wp-json\/wp\/v2\/product\/14921","targetHints":{"allow":["GET"]}}],"collection":[{"href":"https:\/\/flyoutshop.com\/de\/wp-json\/wp\/v2\/product"}],"about":[{"href":"https:\/\/flyoutshop.com\/de\/wp-json\/wp\/v2\/types\/product"}],"replies":[{"embeddable":true,"href":"https:\/\/flyoutshop.com\/de\/wp-json\/wp\/v2\/comments?post=14921"}],"wp:featuredmedia":[{"embeddable":true,"href":"https:\/\/flyoutshop.com\/de\/wp-json\/wp\/v2\/media\/14442"}],"wp:attachment":[{"href":"https:\/\/flyoutshop.com\/de\/wp-json\/wp\/v2\/media?parent=14921"}],"wp:term":[{"taxonomy":"product_brand","embeddable":true,"href":"https:\/\/flyoutshop.com\/de\/wp-json\/wp\/v2\/product_brand?post=14921"},{"taxonomy":"product_cat","embeddable":true,"href":"https:\/\/flyoutshop.com\/de\/wp-json\/wp\/v2\/product_cat?post=14921"},{"taxonomy":"product_tag","embeddable":true,"href":"https:\/\/flyoutshop.com\/de\/wp-json\/wp\/v2\/product_tag?post=14921"}],"curies":[{"name":"wp","href":"https:\/\/api.w.org\/{rel}","templated":true}]}}