{"id":14882,"date":"2024-04-24T18:56:39","date_gmt":"2024-04-24T17:56:39","guid":{"rendered":"https:\/\/flyoutshop.com\/producto\/paddel-surf-bondy-pro2\/"},"modified":"2024-04-24T18:56:39","modified_gmt":"2024-04-24T17:56:39","slug":"paddel-surf-bondy-pro2","status":"publish","type":"product","link":"https:\/\/flyoutshop.com\/de\/producto\/paddel-surf-bondy-pro2\/","title":{"rendered":"Paddel Surf Bondy PRO2"},"content":{"rendered":"<h1>Paddel Surfbrett Bondy PRO2<\/h1>\n<p>Entdecken Sie die Vielseitigkeit unseres Bondy PRO2 Paddle Surfboards, das f\u00fcr alle K\u00f6nnensstufen geeignet ist, vom Anf\u00e4nger bis zum Experten. Genie\u00dfen Sie die Stabilit\u00e4t, die Sie f\u00fcr Ihre ersten Abenteuer im Wasser brauchen, und die Leichtigkeit und Steifigkeit, um auch die anspruchsvollsten Wellen zu meistern. Es bietet Platz f\u00fcr bis zu 2 Personen und ist ideal, um unvergessliche Momente auf dem Wasser zu erleben. Erleben Sie mit jedem Paddel neue Emotionen!<\/p>\n<p><strong>Technische Details<\/strong><\/p>\n<ul>\n<li>Kreuzer Design<\/li>\n<li>Ma\u00dfe: 323cm lang, 81cm breit und 15cm dick.<\/li>\n<li>Tragf\u00e4hige Last: 180 kg | Kann 2 Personen tragen<\/li>\n<li>Farben: Pistaziengr\u00fcn und Moosblau (wendbar)<\/li>\n<li>Aufpumpdruck: Wir empfehlen einen Aufpumpdruck von 10-12 psi, da die Qualit\u00e4t der Materialien eine perfekte Stabilit\u00e4t und Steifigkeit f\u00fcr die Verwendung in diesem Druckbereich bietet. Maximales Aufpumpen bis 20 psi.<\/li>\n<li>Heavy Duty PVC in Milit\u00e4rqualit\u00e4t, EVA-Polster mit hoher Dichte und Teak-Finish f\u00fcr Komfort und Griffigkeit.<\/li>\n<\/ul>\n<p><strong>Was ist in Ihrer Bestellung enthalten?<\/strong><\/p>\n<div>Doppelt wirkender Hochdruck-Inflator, verstellbares Paddel aus Aluminium und hochfestem Polycarbonat, Surfpaddel, Reparaturset, zentraler Kiel, Profi-Transportrucksack und Leine (Erfindung). Es hat auch Ringe f\u00fcr die M\u00f6glichkeit, einen Sitz im Kajakstil anzubringen.<\/div>\n<div><\/div>\n<div>Und nat\u00fcrlich Ihr neues Bondy Pro2 Paddle Surf Board, bereit f\u00fcr Abenteuer!<\/div>\n<p><em>*Es hat eine Seriennummer, um es zu registrieren und um in Fl\u00fcssen, S\u00fcmpfen oder Seen navigieren zu k\u00f6nnen. Abh\u00e4ngig von der jeweiligen Autonomie oder Lokalit\u00e4t<\/em><\/p>\n","protected":false},"excerpt":{"rendered":"<p>Paddel Surfbrett Bondy PRO2 Entdecken Sie die Vielseitigkeit unseres Bondy PRO2 Paddle Surfboards, das f\u00fcr alle K\u00f6nnensstufen geeignet ist, vom Anf\u00e4nger bis zum Experten. Genie\u00dfen Sie die Stabilit\u00e4t, die Sie f\u00fcr Ihre ersten Abenteuer im Wasser brauchen, und die Leichtigkeit und Steifigkeit, um auch die anspruchsvollsten Wellen zu meistern. Es bietet Platz f\u00fcr bis zu [&hellip;]<\/p>\n","protected":false},"featured_media":7023,"comment_status":"closed","ping_status":"closed","template":"","meta":{"_joinchat":[]},"product_brand":[],"product_cat":[15],"product_tag":[],"class_list":{"0":"post-14882","1":"product","2":"type-product","3":"status-publish","4":"has-post-thumbnail","6":"product_cat-sin-categoria","8":"first","9":"instock","10":"sale","11":"taxable","12":"shipping-taxable","13":"purchasable","14":"product-type-variable"},"_links":{"self":[{"href":"https:\/\/flyoutshop.com\/de\/wp-json\/wp\/v2\/product\/14882","targetHints":{"allow":["GET"]}}],"collection":[{"href":"https:\/\/flyoutshop.com\/de\/wp-json\/wp\/v2\/product"}],"about":[{"href":"https:\/\/flyoutshop.com\/de\/wp-json\/wp\/v2\/types\/product"}],"replies":[{"embeddable":true,"href":"https:\/\/flyoutshop.com\/de\/wp-json\/wp\/v2\/comments?post=14882"}],"wp:featuredmedia":[{"embeddable":true,"href":"https:\/\/flyoutshop.com\/de\/wp-json\/wp\/v2\/media\/7023"}],"wp:attachment":[{"href":"https:\/\/flyoutshop.com\/de\/wp-json\/wp\/v2\/media?parent=14882"}],"wp:term":[{"taxonomy":"product_brand","embeddable":true,"href":"https:\/\/flyoutshop.com\/de\/wp-json\/wp\/v2\/product_brand?post=14882"},{"taxonomy":"product_cat","embeddable":true,"href":"https:\/\/flyoutshop.com\/de\/wp-json\/wp\/v2\/product_cat?post=14882"},{"taxonomy":"product_tag","embeddable":true,"href":"https:\/\/flyoutshop.com\/de\/wp-json\/wp\/v2\/product_tag?post=14882"}],"curies":[{"name":"wp","href":"https:\/\/api.w.org\/{rel}","templated":true}]}}